{"id":13441,"date":"2026-04-13T10:30:11","date_gmt":"2026-04-13T14:30:11","guid":{"rendered":"https:\/\/betodoisaum.com.br\/site\/?page_id=13441"},"modified":"2026-04-15T12:14:02","modified_gmt":"2026-04-15T16:14:02","slug":"sugira-um-projeto-de-lei","status":"publish","type":"page","link":"https:\/\/betodoisaum.com.br\/site\/sugira-um-projeto-de-lei\/","title":{"rendered":"Sua ideia pode virar lei"},"content":{"rendered":"\t\t<div data-elementor-type=\"wp-page\" data-elementor-id=\"13441\" class=\"elementor elementor-13441\" data-elementor-post-type=\"page\">\n\t\t\t\t<div class=\"elementor-element elementor-element-7b71416 e-flex e-con-boxed e-con e-parent\" data-id=\"7b71416\" data-element_type=\"container\" data-e-type=\"container\">\n\t\t\t\t\t<div class=\"e-con-inner\">\n\t\t\t\t<div class=\"elementor-element elementor-element-e3a713e elementor-widget elementor-widget-theme-post-featured-image elementor-widget-image\" data-id=\"e3a713e\" data-element_type=\"widget\" data-e-type=\"widget\" data-widget_type=\"theme-post-featured-image.default\">\n\t\t\t\t<div class=\"elementor-widget-container\">\n\t\t\t\t\t\t\t\t\t\t\t\t\t\t\t<img fetchpriority=\"high\" decoding=\"async\" width=\"2560\" height=\"267\" src=\"https:\/\/betodoisaum.com.br\/site\/wp-content\/uploads\/2026\/04\/BANNER-SITE-02-1-scaled.png\" class=\"attachment-full size-full wp-image-13664\" alt=\"\" srcset=\"https:\/\/betodoisaum.com.br\/site\/wp-content\/uploads\/2026\/04\/BANNER-SITE-02-1-scaled.png 2560w, https:\/\/betodoisaum.com.br\/site\/wp-content\/uploads\/2026\/04\/BANNER-SITE-02-1-300x31.png 300w, https:\/\/betodoisaum.com.br\/site\/wp-content\/uploads\/2026\/04\/BANNER-SITE-02-1-1024x107.png 1024w, https:\/\/betodoisaum.com.br\/site\/wp-content\/uploads\/2026\/04\/BANNER-SITE-02-1-768x80.png 768w, https:\/\/betodoisaum.com.br\/site\/wp-content\/uploads\/2026\/04\/BANNER-SITE-02-1-1536x160.png 1536w, https:\/\/betodoisaum.com.br\/site\/wp-content\/uploads\/2026\/04\/BANNER-SITE-02-1-2048x214.png 2048w\" sizes=\"(max-width: 2560px) 100vw, 2560px\" \/>\t\t\t\t\t\t\t\t\t\t\t\t\t\t\t<\/div>\n\t\t\t\t<\/div>\n\t\t\t\t<div class=\"elementor-element elementor-element-5d19be5 elementor-widget elementor-widget-heading\" data-id=\"5d19be5\" data-element_type=\"widget\" data-e-type=\"widget\" data-widget_type=\"heading.default\">\n\t\t\t\t<div class=\"elementor-widget-container\">\n\t\t\t\t\t<h6 class=\"elementor-heading-title elementor-size-default\">Quero ouvir voc\u00ea para melhorar Mato Grosso.<\/h6>\t\t\t\t<\/div>\n\t\t\t\t<\/div>\n\t\t\t\t<div class=\"elementor-element elementor-element-699dc79 elementor-widget__width-initial elementor-widget elementor-widget-shortcode\" data-id=\"699dc79\" data-element_type=\"widget\" data-e-type=\"widget\" data-widget_type=\"shortcode.default\">\n\t\t\t\t<div class=\"elementor-widget-container\">\n\t\t\t\t\t\t\t<div class=\"elementor-shortcode\">\t<div class=\"b21-form-wrapper\">\n\t\t\n\t\t\n\t\t<form class=\"b21-form-sugestao-lei\" method=\"post\" action=\"https:\/\/betodoisaum.com.br\/site\/wp-admin\/admin-post.php\">\n\t\t\t<input type=\"hidden\" id=\"b21_nonce\" name=\"b21_nonce\" value=\"1404e07e2f\" \/><input type=\"hidden\" name=\"_wp_http_referer\" value=\"\/site\/wp-json\/wp\/v2\/pages\/13441\" \/>\t\t\t<input type=\"hidden\" name=\"action\" value=\"b21_salvar_sugestao_lei\">\n\n\t\t\t<div class=\"b21-form-grid\">\n\t\t\t\t<div class=\"b21-row\">\n\t\t\t\t\t<div class=\"b21-col b21-col-50\">\n\t\t\t\t\t\t<label for=\"b21_nome\">Nome *<\/label>\n\t\t\t\t\t\t<input type=\"text\" id=\"b21_nome\" name=\"nome\" required>\n\t\t\t\t\t<\/div>\n\t\t\t\t\t<div class=\"b21-col b21-col-50\">\n\t\t\t\t\t\t<label for=\"b21_cidade\">Cidade *<\/label>\n\t\t\t\t\t\t<select id=\"b21_cidade\" name=\"cidade\" required>\n\t\t\t\t\t\t\t<option value=\"\">Selecione sua cidade<\/option>\n\t\t\t\t\t\t\t\t\t\t\t\t\t\t\t<option value=\"Acorizal\">Acorizal<\/option>\n\t\t\t\t\t\t\t\t\t\t\t\t\t\t\t<option value=\"\u00c1gua Boa\">\u00c1gua Boa<\/option>\n\t\t\t\t\t\t\t\t\t\t\t\t\t\t\t<option value=\"Alta Floresta\">Alta Floresta<\/option>\n\t\t\t\t\t\t\t\t\t\t\t\t\t\t\t<option value=\"Alto Araguaia\">Alto Araguaia<\/option>\n\t\t\t\t\t\t\t\t\t\t\t\t\t\t\t<option value=\"Alto Boa Vista\">Alto Boa Vista<\/option>\n\t\t\t\t\t\t\t\t\t\t\t\t\t\t\t<option value=\"Alto Gar\u00e7as\">Alto Gar\u00e7as<\/option>\n\t\t\t\t\t\t\t\t\t\t\t\t\t\t\t<option value=\"Alto Paraguai\">Alto Paraguai<\/option>\n\t\t\t\t\t\t\t\t\t\t\t\t\t\t\t<option value=\"Alto Taquari\">Alto Taquari<\/option>\n\t\t\t\t\t\t\t\t\t\t\t\t\t\t\t<option value=\"Apiac\u00e1s\">Apiac\u00e1s<\/option>\n\t\t\t\t\t\t\t\t\t\t\t\t\t\t\t<option value=\"Araguaiana\">Araguaiana<\/option>\n\t\t\t\t\t\t\t\t\t\t\t\t\t\t\t<option value=\"Araguainha\">Araguainha<\/option>\n\t\t\t\t\t\t\t\t\t\t\t\t\t\t\t<option value=\"Araputanga\">Araputanga<\/option>\n\t\t\t\t\t\t\t\t\t\t\t\t\t\t\t<option value=\"Aren\u00e1polis\">Aren\u00e1polis<\/option>\n\t\t\t\t\t\t\t\t\t\t\t\t\t\t\t<option value=\"Aripuan\u00e3\">Aripuan\u00e3<\/option>\n\t\t\t\t\t\t\t\t\t\t\t\t\t\t\t<option value=\"Bar\u00e3o de Melga\u00e7o\">Bar\u00e3o de Melga\u00e7o<\/option>\n\t\t\t\t\t\t\t\t\t\t\t\t\t\t\t<option value=\"Barra do Bugres\">Barra do Bugres<\/option>\n\t\t\t\t\t\t\t\t\t\t\t\t\t\t\t<option value=\"Barra do Gar\u00e7as\">Barra do Gar\u00e7as<\/option>\n\t\t\t\t\t\t\t\t\t\t\t\t\t\t\t<option value=\"Bom Jesus do Araguaia\">Bom Jesus do Araguaia<\/option>\n\t\t\t\t\t\t\t\t\t\t\t\t\t\t\t<option value=\"Brasnorte\">Brasnorte<\/option>\n\t\t\t\t\t\t\t\t\t\t\t\t\t\t\t<option value=\"C\u00e1ceres\">C\u00e1ceres<\/option>\n\t\t\t\t\t\t\t\t\t\t\t\t\t\t\t<option value=\"Campin\u00e1polis\">Campin\u00e1polis<\/option>\n\t\t\t\t\t\t\t\t\t\t\t\t\t\t\t<option value=\"Campo Novo do Parecis\">Campo Novo do Parecis<\/option>\n\t\t\t\t\t\t\t\t\t\t\t\t\t\t\t<option value=\"Campo Verde\">Campo Verde<\/option>\n\t\t\t\t\t\t\t\t\t\t\t\t\t\t\t<option value=\"Campos de J\u00falio\">Campos de J\u00falio<\/option>\n\t\t\t\t\t\t\t\t\t\t\t\t\t\t\t<option value=\"Canabrava do Norte\">Canabrava do Norte<\/option>\n\t\t\t\t\t\t\t\t\t\t\t\t\t\t\t<option value=\"Canarana\">Canarana<\/option>\n\t\t\t\t\t\t\t\t\t\t\t\t\t\t\t<option value=\"Carlinda\">Carlinda<\/option>\n\t\t\t\t\t\t\t\t\t\t\t\t\t\t\t<option value=\"Castanheira\">Castanheira<\/option>\n\t\t\t\t\t\t\t\t\t\t\t\t\t\t\t<option value=\"Chapada dos Guimar\u00e3es\">Chapada dos Guimar\u00e3es<\/option>\n\t\t\t\t\t\t\t\t\t\t\t\t\t\t\t<option value=\"Cl\u00e1udia\">Cl\u00e1udia<\/option>\n\t\t\t\t\t\t\t\t\t\t\t\t\t\t\t<option value=\"Cocalinho\">Cocalinho<\/option>\n\t\t\t\t\t\t\t\t\t\t\t\t\t\t\t<option value=\"Col\u00edder\">Col\u00edder<\/option>\n\t\t\t\t\t\t\t\t\t\t\t\t\t\t\t<option value=\"Colniza\">Colniza<\/option>\n\t\t\t\t\t\t\t\t\t\t\t\t\t\t\t<option value=\"Comodoro\">Comodoro<\/option>\n\t\t\t\t\t\t\t\t\t\t\t\t\t\t\t<option value=\"Confresa\">Confresa<\/option>\n\t\t\t\t\t\t\t\t\t\t\t\t\t\t\t<option value=\"Conquista d&#039;Oeste\">Conquista d&#039;Oeste<\/option>\n\t\t\t\t\t\t\t\t\t\t\t\t\t\t\t<option value=\"Cotrigua\u00e7u\">Cotrigua\u00e7u<\/option>\n\t\t\t\t\t\t\t\t\t\t\t\t\t\t\t<option value=\"Cuiab\u00e1\">Cuiab\u00e1<\/option>\n\t\t\t\t\t\t\t\t\t\t\t\t\t\t\t<option value=\"Curvel\u00e2ndia\">Curvel\u00e2ndia<\/option>\n\t\t\t\t\t\t\t\t\t\t\t\t\t\t\t<option value=\"Denise\">Denise<\/option>\n\t\t\t\t\t\t\t\t\t\t\t\t\t\t\t<option value=\"Diamantino\">Diamantino<\/option>\n\t\t\t\t\t\t\t\t\t\t\t\t\t\t\t<option value=\"Dom Aquino\">Dom Aquino<\/option>\n\t\t\t\t\t\t\t\t\t\t\t\t\t\t\t<option value=\"Feliz Natal\">Feliz Natal<\/option>\n\t\t\t\t\t\t\t\t\t\t\t\t\t\t\t<option value=\"Figueir\u00f3polis d&#039;Oeste\">Figueir\u00f3polis d&#039;Oeste<\/option>\n\t\t\t\t\t\t\t\t\t\t\t\t\t\t\t<option value=\"Ga\u00facha do Norte\">Ga\u00facha do Norte<\/option>\n\t\t\t\t\t\t\t\t\t\t\t\t\t\t\t<option value=\"General Carneiro\">General Carneiro<\/option>\n\t\t\t\t\t\t\t\t\t\t\t\t\t\t\t<option value=\"Gl\u00f3ria d&#039;Oeste\">Gl\u00f3ria d&#039;Oeste<\/option>\n\t\t\t\t\t\t\t\t\t\t\t\t\t\t\t<option value=\"Guarant\u00e3 do Norte\">Guarant\u00e3 do Norte<\/option>\n\t\t\t\t\t\t\t\t\t\t\t\t\t\t\t<option value=\"Guiratinga\">Guiratinga<\/option>\n\t\t\t\t\t\t\t\t\t\t\t\t\t\t\t<option value=\"Indiava\u00ed\">Indiava\u00ed<\/option>\n\t\t\t\t\t\t\t\t\t\t\t\t\t\t\t<option value=\"Ipiranga do Norte\">Ipiranga do Norte<\/option>\n\t\t\t\t\t\t\t\t\t\t\t\t\t\t\t<option value=\"Itanhang\u00e1\">Itanhang\u00e1<\/option>\n\t\t\t\t\t\t\t\t\t\t\t\t\t\t\t<option value=\"Ita\u00faba\">Ita\u00faba<\/option>\n\t\t\t\t\t\t\t\t\t\t\t\t\t\t\t<option value=\"Itiquira\">Itiquira<\/option>\n\t\t\t\t\t\t\t\t\t\t\t\t\t\t\t<option value=\"Jaciara\">Jaciara<\/option>\n\t\t\t\t\t\t\t\t\t\t\t\t\t\t\t<option value=\"Jangada\">Jangada<\/option>\n\t\t\t\t\t\t\t\t\t\t\t\t\t\t\t<option value=\"Jauru\">Jauru<\/option>\n\t\t\t\t\t\t\t\t\t\t\t\t\t\t\t<option value=\"Juara\">Juara<\/option>\n\t\t\t\t\t\t\t\t\t\t\t\t\t\t\t<option value=\"Ju\u00edna\">Ju\u00edna<\/option>\n\t\t\t\t\t\t\t\t\t\t\t\t\t\t\t<option value=\"Juruena\">Juruena<\/option>\n\t\t\t\t\t\t\t\t\t\t\t\t\t\t\t<option value=\"Juscimeira\">Juscimeira<\/option>\n\t\t\t\t\t\t\t\t\t\t\t\t\t\t\t<option value=\"Lambari d&#039;Oeste\">Lambari d&#039;Oeste<\/option>\n\t\t\t\t\t\t\t\t\t\t\t\t\t\t\t<option value=\"Lucas do Rio Verde\">Lucas do Rio Verde<\/option>\n\t\t\t\t\t\t\t\t\t\t\t\t\t\t\t<option value=\"Luciara\">Luciara<\/option>\n\t\t\t\t\t\t\t\t\t\t\t\t\t\t\t<option value=\"Marcel\u00e2ndia\">Marcel\u00e2ndia<\/option>\n\t\t\t\t\t\t\t\t\t\t\t\t\t\t\t<option value=\"Matup\u00e1\">Matup\u00e1<\/option>\n\t\t\t\t\t\t\t\t\t\t\t\t\t\t\t<option value=\"Mirassol d&#039;Oeste\">Mirassol d&#039;Oeste<\/option>\n\t\t\t\t\t\t\t\t\t\t\t\t\t\t\t<option value=\"Nobres\">Nobres<\/option>\n\t\t\t\t\t\t\t\t\t\t\t\t\t\t\t<option value=\"Nortel\u00e2ndia\">Nortel\u00e2ndia<\/option>\n\t\t\t\t\t\t\t\t\t\t\t\t\t\t\t<option value=\"Nossa Senhora do Livramento\">Nossa Senhora do Livramento<\/option>\n\t\t\t\t\t\t\t\t\t\t\t\t\t\t\t<option value=\"Nova Bandeirantes\">Nova Bandeirantes<\/option>\n\t\t\t\t\t\t\t\t\t\t\t\t\t\t\t<option value=\"Nova Brasil\u00e2ndia\">Nova Brasil\u00e2ndia<\/option>\n\t\t\t\t\t\t\t\t\t\t\t\t\t\t\t<option value=\"Nova Cana\u00e3 do Norte\">Nova Cana\u00e3 do Norte<\/option>\n\t\t\t\t\t\t\t\t\t\t\t\t\t\t\t<option value=\"Nova Guarita\">Nova Guarita<\/option>\n\t\t\t\t\t\t\t\t\t\t\t\t\t\t\t<option value=\"Nova Lacerda\">Nova Lacerda<\/option>\n\t\t\t\t\t\t\t\t\t\t\t\t\t\t\t<option value=\"Nova Maril\u00e2ndia\">Nova Maril\u00e2ndia<\/option>\n\t\t\t\t\t\t\t\t\t\t\t\t\t\t\t<option value=\"Nova Maring\u00e1\">Nova Maring\u00e1<\/option>\n\t\t\t\t\t\t\t\t\t\t\t\t\t\t\t<option value=\"Nova Monte Verde\">Nova Monte Verde<\/option>\n\t\t\t\t\t\t\t\t\t\t\t\t\t\t\t<option value=\"Nova Mutum\">Nova Mutum<\/option>\n\t\t\t\t\t\t\t\t\t\t\t\t\t\t\t<option value=\"Nova Nazar\u00e9\">Nova Nazar\u00e9<\/option>\n\t\t\t\t\t\t\t\t\t\t\t\t\t\t\t<option value=\"Nova Ol\u00edmpia\">Nova Ol\u00edmpia<\/option>\n\t\t\t\t\t\t\t\t\t\t\t\t\t\t\t<option value=\"Nova Santa Helena\">Nova Santa Helena<\/option>\n\t\t\t\t\t\t\t\t\t\t\t\t\t\t\t<option value=\"Nova Ubirat\u00e3\">Nova Ubirat\u00e3<\/option>\n\t\t\t\t\t\t\t\t\t\t\t\t\t\t\t<option value=\"Nova Xavantina\">Nova Xavantina<\/option>\n\t\t\t\t\t\t\t\t\t\t\t\t\t\t\t<option value=\"Novo Horizonte do Norte\">Novo Horizonte do Norte<\/option>\n\t\t\t\t\t\t\t\t\t\t\t\t\t\t\t<option value=\"Novo Mundo\">Novo Mundo<\/option>\n\t\t\t\t\t\t\t\t\t\t\t\t\t\t\t<option value=\"Novo Santo Ant\u00f4nio\">Novo Santo Ant\u00f4nio<\/option>\n\t\t\t\t\t\t\t\t\t\t\t\t\t\t\t<option value=\"Parana\u00edta\">Parana\u00edta<\/option>\n\t\t\t\t\t\t\t\t\t\t\t\t\t\t\t<option value=\"Paranatinga\">Paranatinga<\/option>\n\t\t\t\t\t\t\t\t\t\t\t\t\t\t\t<option value=\"Pedra Preta\">Pedra Preta<\/option>\n\t\t\t\t\t\t\t\t\t\t\t\t\t\t\t<option value=\"Peixoto de Azevedo\">Peixoto de Azevedo<\/option>\n\t\t\t\t\t\t\t\t\t\t\t\t\t\t\t<option value=\"Planalto da Serra\">Planalto da Serra<\/option>\n\t\t\t\t\t\t\t\t\t\t\t\t\t\t\t<option value=\"Pocon\u00e9\">Pocon\u00e9<\/option>\n\t\t\t\t\t\t\t\t\t\t\t\t\t\t\t<option value=\"Pontal do Araguaia\">Pontal do Araguaia<\/option>\n\t\t\t\t\t\t\t\t\t\t\t\t\t\t\t<option value=\"Ponte Branca\">Ponte Branca<\/option>\n\t\t\t\t\t\t\t\t\t\t\t\t\t\t\t<option value=\"Pontes e Lacerda\">Pontes e Lacerda<\/option>\n\t\t\t\t\t\t\t\t\t\t\t\t\t\t\t<option value=\"Porto Alegre do Norte\">Porto Alegre do Norte<\/option>\n\t\t\t\t\t\t\t\t\t\t\t\t\t\t\t<option value=\"Porto dos Ga\u00fachos\">Porto dos Ga\u00fachos<\/option>\n\t\t\t\t\t\t\t\t\t\t\t\t\t\t\t<option value=\"Porto Esperidi\u00e3o\">Porto Esperidi\u00e3o<\/option>\n\t\t\t\t\t\t\t\t\t\t\t\t\t\t\t<option value=\"Porto Estrela\">Porto Estrela<\/option>\n\t\t\t\t\t\t\t\t\t\t\t\t\t\t\t<option value=\"Poxor\u00e9u\">Poxor\u00e9u<\/option>\n\t\t\t\t\t\t\t\t\t\t\t\t\t\t\t<option value=\"Primavera do Leste\">Primavera do Leste<\/option>\n\t\t\t\t\t\t\t\t\t\t\t\t\t\t\t<option value=\"Quer\u00eancia\">Quer\u00eancia<\/option>\n\t\t\t\t\t\t\t\t\t\t\t\t\t\t\t<option value=\"Reserva do Caba\u00e7al\">Reserva do Caba\u00e7al<\/option>\n\t\t\t\t\t\t\t\t\t\t\t\t\t\t\t<option value=\"Ribeir\u00e3o Cascalheira\">Ribeir\u00e3o Cascalheira<\/option>\n\t\t\t\t\t\t\t\t\t\t\t\t\t\t\t<option value=\"Ribeir\u00e3ozinho\">Ribeir\u00e3ozinho<\/option>\n\t\t\t\t\t\t\t\t\t\t\t\t\t\t\t<option value=\"Rio Branco\">Rio Branco<\/option>\n\t\t\t\t\t\t\t\t\t\t\t\t\t\t\t<option value=\"Rondol\u00e2ndia\">Rondol\u00e2ndia<\/option>\n\t\t\t\t\t\t\t\t\t\t\t\t\t\t\t<option value=\"Rondon\u00f3polis\">Rondon\u00f3polis<\/option>\n\t\t\t\t\t\t\t\t\t\t\t\t\t\t\t<option value=\"Ros\u00e1rio Oeste\">Ros\u00e1rio Oeste<\/option>\n\t\t\t\t\t\t\t\t\t\t\t\t\t\t\t<option value=\"Salto do C\u00e9u\">Salto do C\u00e9u<\/option>\n\t\t\t\t\t\t\t\t\t\t\t\t\t\t\t<option value=\"Santa Carmem\">Santa Carmem<\/option>\n\t\t\t\t\t\t\t\t\t\t\t\t\t\t\t<option value=\"Santa Cruz do Xingu\">Santa Cruz do Xingu<\/option>\n\t\t\t\t\t\t\t\t\t\t\t\t\t\t\t<option value=\"Santa Rita do Trivelato\">Santa Rita do Trivelato<\/option>\n\t\t\t\t\t\t\t\t\t\t\t\t\t\t\t<option value=\"Santa Terezinha\">Santa Terezinha<\/option>\n\t\t\t\t\t\t\t\t\t\t\t\t\t\t\t<option value=\"Santo Afonso\">Santo Afonso<\/option>\n\t\t\t\t\t\t\t\t\t\t\t\t\t\t\t<option value=\"Santo Ant\u00f4nio de Leverger\">Santo Ant\u00f4nio de Leverger<\/option>\n\t\t\t\t\t\t\t\t\t\t\t\t\t\t\t<option value=\"Santo Ant\u00f4nio do Leste\">Santo Ant\u00f4nio do Leste<\/option>\n\t\t\t\t\t\t\t\t\t\t\t\t\t\t\t<option value=\"S\u00e3o F\u00e9lix do Araguaia\">S\u00e3o F\u00e9lix do Araguaia<\/option>\n\t\t\t\t\t\t\t\t\t\t\t\t\t\t\t<option value=\"S\u00e3o Jos\u00e9 do Povo\">S\u00e3o Jos\u00e9 do Povo<\/option>\n\t\t\t\t\t\t\t\t\t\t\t\t\t\t\t<option value=\"S\u00e3o Jos\u00e9 do Rio Claro\">S\u00e3o Jos\u00e9 do Rio Claro<\/option>\n\t\t\t\t\t\t\t\t\t\t\t\t\t\t\t<option value=\"S\u00e3o Jos\u00e9 do Xingu\">S\u00e3o Jos\u00e9 do Xingu<\/option>\n\t\t\t\t\t\t\t\t\t\t\t\t\t\t\t<option value=\"S\u00e3o Jos\u00e9 dos Quatro Marcos\">S\u00e3o Jos\u00e9 dos Quatro Marcos<\/option>\n\t\t\t\t\t\t\t\t\t\t\t\t\t\t\t<option value=\"S\u00e3o Pedro da Cipa\">S\u00e3o Pedro da Cipa<\/option>\n\t\t\t\t\t\t\t\t\t\t\t\t\t\t\t<option value=\"Sapezal\">Sapezal<\/option>\n\t\t\t\t\t\t\t\t\t\t\t\t\t\t\t<option value=\"Serra Nova Dourada\">Serra Nova Dourada<\/option>\n\t\t\t\t\t\t\t\t\t\t\t\t\t\t\t<option value=\"Sinop\">Sinop<\/option>\n\t\t\t\t\t\t\t\t\t\t\t\t\t\t\t<option value=\"Sorriso\">Sorriso<\/option>\n\t\t\t\t\t\t\t\t\t\t\t\t\t\t\t<option value=\"Tabapor\u00e3\">Tabapor\u00e3<\/option>\n\t\t\t\t\t\t\t\t\t\t\t\t\t\t\t<option value=\"Tangar\u00e1 da Serra\">Tangar\u00e1 da Serra<\/option>\n\t\t\t\t\t\t\t\t\t\t\t\t\t\t\t<option value=\"Tapurah\">Tapurah<\/option>\n\t\t\t\t\t\t\t\t\t\t\t\t\t\t\t<option value=\"Terra Nova do Norte\">Terra Nova do Norte<\/option>\n\t\t\t\t\t\t\t\t\t\t\t\t\t\t\t<option value=\"Tesouro\">Tesouro<\/option>\n\t\t\t\t\t\t\t\t\t\t\t\t\t\t\t<option value=\"Torixor\u00e9u\">Torixor\u00e9u<\/option>\n\t\t\t\t\t\t\t\t\t\t\t\t\t\t\t<option value=\"Uni\u00e3o do Sul\">Uni\u00e3o do Sul<\/option>\n\t\t\t\t\t\t\t\t\t\t\t\t\t\t\t<option value=\"Vale de S\u00e3o Domingos\">Vale de S\u00e3o Domingos<\/option>\n\t\t\t\t\t\t\t\t\t\t\t\t\t\t\t<option value=\"V\u00e1rzea Grande\">V\u00e1rzea Grande<\/option>\n\t\t\t\t\t\t\t\t\t\t\t\t\t\t\t<option value=\"Vera\">Vera<\/option>\n\t\t\t\t\t\t\t\t\t\t\t\t\t\t\t<option value=\"Vila Rica\">Vila Rica<\/option>\n\t\t\t\t\t\t\t\t\t\t\t\t\t<\/select>\n\t\t\t\t\t<\/div>\n\t\t\t\t<\/div>\n\n\t\t\t\t<div class=\"b21-row\">\n\t\t\t\t\t<div class=\"b21-col b21-col-50\">\n\t\t\t\t\t\t<label for=\"b21_telefone\">Telefone para contato *<\/label>\n\t\t\t\t\t\t<input type=\"text\" id=\"b21_telefone\" name=\"telefone\" required>\n\t\t\t\t\t<\/div>\n\t\t\t\t\t<div class=\"b21-col b21-col-50\">\n\t\t\t\t\t\t<label for=\"b21_email\">Email *<\/label>\n\t\t\t\t\t\t<input type=\"email\" id=\"b21_email\" name=\"email\" required>\n\t\t\t\t\t<\/div>\n\t\t\t\t<\/div>\n\n\t\t\t\t<div class=\"b21-row\">\n\t\t\t\t\t<div class=\"b21-col b21-col-30\">\n\t\t\t\t\t\t<label>Setor da sugest\u00e3o *<\/label>\n\t\t\t\t\t\t<div class=\"b21-radio-box\">\n\t\t\t\t\t\t\t\t\t\t\t\t\t\t\t\t<label><input type=\"radio\" name=\"setor_term_id\" value=\"118\" required> Agricultura<\/label>\n\t\t\t\t\t\t\t\t\t\t\t\t\t\t\t\t\t<label><input type=\"radio\" name=\"setor_term_id\" value=\"117\" required> Assist\u00eancia Social<\/label>\n\t\t\t\t\t\t\t\t\t\t\t\t\t\t\t\t\t<label><input type=\"radio\" name=\"setor_term_id\" value=\"110\" required> Cultura<\/label>\n\t\t\t\t\t\t\t\t\t\t\t\t\t\t\t\t\t<label><input type=\"radio\" name=\"setor_term_id\" value=\"113\" required> Educa\u00e7\u00e3o<\/label>\n\t\t\t\t\t\t\t\t\t\t\t\t\t\t\t\t\t<label><input type=\"radio\" name=\"setor_term_id\" value=\"111\" required> Esporte<\/label>\n\t\t\t\t\t\t\t\t\t\t\t\t\t\t\t\t\t<label><input type=\"radio\" name=\"setor_term_id\" value=\"115\" required> Impostos<\/label>\n\t\t\t\t\t\t\t\t\t\t\t\t\t\t\t\t\t<label><input type=\"radio\" name=\"setor_term_id\" value=\"116\" required> Infraestrutura<\/label>\n\t\t\t\t\t\t\t\t\t\t\t\t\t\t\t\t\t<label><input type=\"radio\" name=\"setor_term_id\" value=\"119\" required> Meio Ambiente<\/label>\n\t\t\t\t\t\t\t\t\t\t\t\t\t\t\t\t\t<label><input type=\"radio\" name=\"setor_term_id\" value=\"120\" required> Outros<\/label>\n\t\t\t\t\t\t\t\t\t\t\t\t\t\t\t\t\t<label><input type=\"radio\" name=\"setor_term_id\" value=\"112\" required> Sa\u00fade<\/label>\n\t\t\t\t\t\t\t\t\t\t\t\t\t\t\t\t\t<label><input type=\"radio\" name=\"setor_term_id\" value=\"114\" required> Seguran\u00e7a<\/label>\n\t\t\t\t\t\t\t\t\t\t\t\t\t\t\t\t\t\t\t\t\t<\/div>\n\t\t\t\t\t<\/div>\n\n\t\t\t\t\t<div class=\"b21-col b21-col-70\">\n\t\t\t\t\t\t<label for=\"b21_sugestao\">Se voc\u00ea pudesse sugerir uma regra, mudan\u00e7a ou ideia para esse Projeto de Lei, qual seria? *<\/label>\n\t\t\t\t\t\t<textarea id=\"b21_sugestao\" name=\"sugestao\" required><\/textarea>\n\t\t\t\t\t<\/div>\n\t\t\t\t<\/div>\n\n\t\t\t\t<div class=\"b21-row\">\n\t\t\t\t\t<div class=\"b21-col\">\n\t\t\t\t\t\t<label for=\"b21_nivel_governo\">Essa sugest\u00e3o, na sua opini\u00e3o, \u00e9 responsabilidade de qual n\u00edvel de governo? *<\/label>\n\t\t\t\t\t\t<select id=\"b21_nivel_governo\" name=\"nivel_governo\" required>\n\t\t\t\t\t\t\t<option value=\"\">Selecione<\/option>\n\t\t\t\t\t\t\t<option value=\"federal\">Governo Federal (Uni\u00e3o)<\/option>\n\t\t\t\t\t\t\t<option value=\"estadual\">Governo Estadual<\/option>\n\t\t\t\t\t\t\t<option value=\"municipal\">Governo Municipal<\/option>\n\t\t\t\t\t\t\t<option value=\"multi\">Mais de um n\u00edvel de governo<\/option>\n\t\t\t\t\t\t\t<option value=\"nao_sei\">N\u00e3o sei informar<\/option>\n\t\t\t\t\t\t<\/select>\n\t\t\t\t\t<\/div>\n\t\t\t\t<\/div>\n\n\t\t\t\t<div class=\"b21-row\">\n\t\t\t\t\t<div class=\"b21-col b21-col-33\">\n\t\t\t\t\t\t<label>Voc\u00ea gostaria de acompanhar esse projeto ou receber atualiza\u00e7\u00f5es? *<\/label>\n\t\t\t\t\t\t<div class=\"b21-inline\">\n\t\t\t\t\t\t\t<label><input type=\"radio\" name=\"acompanhar\" value=\"sim\" required> Sim<\/label>\n\t\t\t\t\t\t\t<label><input type=\"radio\" name=\"acompanhar\" value=\"nao\" required> N\u00e3o<\/label>\n\t\t\t\t\t\t<\/div>\n\t\t\t\t\t<\/div>\n\n\t\t\t\t\t<div class=\"b21-col b21-col-33\">\n\t\t\t\t\t\t<label>Autorizo o uso dos meus dados para contato e acompanhamento desta sugest\u00e3o. *<\/label>\n\t\t\t\t\t\t<div class=\"b21-inline\">\n\t\t\t\t\t\t\t<label><input type=\"checkbox\" name=\"aceite\" value=\"1\" required> Sim<\/label>\n\t\t\t\t\t\t<\/div>\n\t\t\t\t\t<\/div>\n\n\t\t\t\t\t<div class=\"b21-col b21-col-33\">\n\t\t\t\t\t\t<div class=\"acf-form-submit\">\n\t\t\t\t\t\t\t<input type=\"submit\" value=\"Enviar sugest\u00e3o\">\n\t\t\t\t\t\t<\/div>\n\t\t\t\t\t<\/div>\n\t\t\t\t<\/div>\n\t\t\t<\/div>\n\t\t<\/form>\n\t<\/div>\n\t<\/div>\n\t\t\t\t\t\t<\/div>\n\t\t\t\t<\/div>\n\t\t\t\t<div class=\"elementor-element elementor-element-9d3e8f5 elementor-widget elementor-widget-button\" data-id=\"9d3e8f5\" data-element_type=\"widget\" data-e-type=\"widget\" data-widget_type=\"button.default\">\n\t\t\t\t<div class=\"elementor-widget-container\">\n\t\t\t\t\t\t\t\t\t<div class=\"elementor-button-wrapper\">\n\t\t\t\t\t<a class=\"elementor-button elementor-button-link elementor-size-sm\" href=\"https:\/\/betodoisaum.com.br\/site\/sugestoes-de-pL\">\n\t\t\t\t\t\t<span class=\"elementor-button-content-wrapper\">\n\t\t\t\t\t\t<span class=\"elementor-button-icon\">\n\t\t\t\t<svg aria-hidden=\"true\" class=\"e-font-icon-svg e-far-lightbulb\" viewBox=\"0 0 352 512\" xmlns=\"http:\/\/www.w3.org\/2000\/svg\"><path d=\"M176 80c-52.94 0-96 43.06-96 96 0 8.84 7.16 16 16 16s16-7.16 16-16c0-35.3 28.72-64 64-64 8.84 0 16-7.16 16-16s-7.16-16-16-16zM96.06 459.17c0 3.15.93 6.22 2.68 8.84l24.51 36.84c2.97 4.46 7.97 7.14 13.32 7.14h78.85c5.36 0 10.36-2.68 13.32-7.14l24.51-36.84c1.74-2.62 2.67-5.7 2.68-8.84l.05-43.18H96.02l.04 43.18zM176 0C73.72 0 0 82.97 0 176c0 44.37 16.45 84.85 43.56 115.78 16.64 18.99 42.74 58.8 52.42 92.16v.06h48v-.12c-.01-4.77-.72-9.51-2.15-14.07-5.59-17.81-22.82-64.77-62.17-109.67-20.54-23.43-31.52-53.15-31.61-84.14-.2-73.64 59.67-128 127.95-128 70.58 0 128 57.42 128 128 0 30.97-11.24 60.85-31.65 84.14-39.11 44.61-56.42 91.47-62.1 109.46a47.507 47.507 0 0 0-2.22 14.3v.1h48v-.05c9.68-33.37 35.78-73.18 52.42-92.16C335.55 260.85 352 220.37 352 176 352 78.8 273.2 0 176 0z\"><\/path><\/svg>\t\t\t<\/span>\n\t\t\t\t\t\t\t\t\t<span class=\"elementor-button-text\">VEJA AQUI OUTRAS SUGEST\u00d5ES<\/span>\n\t\t\t\t\t<\/span>\n\t\t\t\t\t<\/a>\n\t\t\t\t<\/div>\n\t\t\t\t\t\t\t\t<\/div>\n\t\t\t\t<\/div>\n\t\t\t\t\t<\/div>\n\t\t\t\t<\/div>\n\t\t\t\t<\/div>\n\t\t","protected":false},"excerpt":{"rendered":"<p>Quero ouvir voc\u00ea para melhorar Mato Grosso. VEJA AQUI OUTRAS SUGEST\u00d5ES<\/p>\n","protected":false},"author":1,"featured_media":0,"parent":0,"menu_order":0,"comment_status":"closed","ping_status":"closed","template":"","meta":{"_acf_changed":false,"footnotes":""},"municipio":[],"class_list":["post-13441","page","type-page","status-publish","hentry"],"acf":[],"_links":{"self":[{"href":"https:\/\/betodoisaum.com.br\/site\/wp-json\/wp\/v2\/pages\/13441","targetHints":{"allow":["GET"]}}],"collection":[{"href":"https:\/\/betodoisaum.com.br\/site\/wp-json\/wp\/v2\/pages"}],"about":[{"href":"https:\/\/betodoisaum.com.br\/site\/wp-json\/wp\/v2\/types\/page"}],"author":[{"embeddable":true,"href":"https:\/\/betodoisaum.com.br\/site\/wp-json\/wp\/v2\/users\/1"}],"replies":[{"embeddable":true,"href":"https:\/\/betodoisaum.com.br\/site\/wp-json\/wp\/v2\/comments?post=13441"}],"version-history":[{"count":91,"href":"https:\/\/betodoisaum.com.br\/site\/wp-json\/wp\/v2\/pages\/13441\/revisions"}],"predecessor-version":[{"id":13667,"href":"https:\/\/betodoisaum.com.br\/site\/wp-json\/wp\/v2\/pages\/13441\/revisions\/13667"}],"wp:attachment":[{"href":"https:\/\/betodoisaum.com.br\/site\/wp-json\/wp\/v2\/media?parent=13441"}],"wp:term":[{"taxonomy":"municipio","embeddable":true,"href":"https:\/\/betodoisaum.com.br\/site\/wp-json\/wp\/v2\/municipio?post=13441"}],"curies":[{"name":"wp","href":"https:\/\/api.w.org\/{rel}","templated":true}]}}